{"id":26348,"date":"2018-11-26T18:07:48","date_gmt":"2020-08-09T16:13:10","guid":{"rendered":"https:\/\/vollherzig.de\/produkt\/serving-the-heart"},"modified":"2024-04-22T12:46:21","modified_gmt":"2024-04-22T12:46:21","slug":"serving-the-heart","status":"publish","type":"product","link":"https:\/\/vollherzig.de\/en\/produkt\/serving-the-heart","title":{"rendered":"Serving The Heart"},"content":{"rendered":"<p>[et_pb_section fb_built=&#8221;1&#8243; _builder_version=&#8221;4.16&#8243; custom_padding=&#8221;0px||||false|false&#8221; global_colors_info=&#8221;{}&#8221;][et_pb_row _builder_version=&#8221;4.16&#8243; width=&#8221;100%&#8221; max_width=&#8221;100%&#8221; custom_margin=&#8221;||||false|false&#8221; custom_padding=&#8221;0px||||false|false&#8221; locked=&#8221;off&#8221; global_colors_info=&#8221;{}&#8221;][et_pb_column type=&#8221;4_4&#8243; _builder_version=&#8221;4.16&#8243; global_colors_info=&#8221;{}&#8221;][et_pb_image src=&#8221;https:\/\/vollherzig.de\/wp-content\/uploads\/2019\/07\/Kunstwerk-Denkstahl37e-1.jpg&#8221; align=&#8221;center&#8221; force_fullwidth=&#8221;on&#8221; _builder_version=&#8221;4.16&#8243; module_alignment=&#8221;left&#8221; global_colors_info=&#8221;{}&#8221;][\/et_pb_image][\/et_pb_column][\/et_pb_row][et_pb_row column_structure=&#8221;2_5,3_5&#8243; custom_padding_last_edited=&#8221;on|tablet&#8221; _builder_version=&#8221;4.16&#8243; width=&#8221;90%&#8221; max_width=&#8221;90%&#8221; custom_margin=&#8221;20px||||false|false&#8221; custom_padding_tablet=&#8221;||6px||false|false&#8221; custom_padding_phone=&#8221;&#8221; global_colors_info=&#8221;{}&#8221;][et_pb_column type=&#8221;2_5&#8243; _builder_version=&#8221;4.16&#8243; custom_padding=&#8221;|||&#8221; global_colors_info=&#8221;{}&#8221; custom_padding__hover=&#8221;|||&#8221;][et_pb_wc_images _builder_version=&#8221;4.16&#8243; custom_margin=&#8221;-30px||||false|false&#8221; global_colors_info=&#8221;{}&#8221;][\/et_pb_wc_images][\/et_pb_column][et_pb_column type=&#8221;3_5&#8243; _builder_version=&#8221;4.16&#8243; custom_padding=&#8221;|||&#8221; global_colors_info=&#8221;{}&#8221; custom_padding__hover=&#8221;|||&#8221;][et_pb_wc_title _builder_version=&#8221;4.16&#8243; global_colors_info=&#8221;{}&#8221;][\/et_pb_wc_title][et_pb_wc_rating _builder_version=&#8221;4.16&#8243; global_colors_info=&#8221;{}&#8221;][\/et_pb_wc_rating][et_pb_wc_price _builder_version=&#8221;4.16&#8243; global_colors_info=&#8221;{}&#8221;][\/et_pb_wc_price][et_pb_wc_description _builder_version=&#8221;4.16&#8243; global_colors_info=&#8221;{}&#8221;][\/et_pb_wc_description][et_pb_wc_add_to_cart _builder_version=&#8221;4.16&#8243; global_colors_info=&#8221;{}&#8221;][\/et_pb_wc_add_to_cart][et_pb_divider color=&#8221;#cccccc&#8221; disabled_on=&#8221;off|off|on&#8221; _builder_version=&#8221;4.16&#8243; custom_margin_tablet=&#8221;||6px||false|false&#8221; custom_margin_phone=&#8221;&#8221; custom_margin_last_edited=&#8221;on|tablet&#8221; global_colors_info=&#8221;{}&#8221;][\/et_pb_divider][\/et_pb_column][\/et_pb_row][et_pb_row _builder_version=&#8221;4.16&#8243; background_size=&#8221;initial&#8221; background_position=&#8221;top_left&#8221; background_repeat=&#8221;repeat&#8221; width=&#8221;90%&#8221; max_width=&#8221;90%&#8221; locked=&#8221;off&#8221; global_colors_info=&#8221;{}&#8221;][et_pb_column type=&#8221;4_4&#8243; _builder_version=&#8221;4.16&#8243; custom_padding=&#8221;|||&#8221; global_colors_info=&#8221;{}&#8221; custom_padding__hover=&#8221;|||&#8221;][et_pb_text _builder_version=&#8221;4.16&#8243; locked=&#8221;off&#8221; global_colors_info=&#8221;{}&#8221; link_text_color__hover=&#8221;#c61b52&#8243;]<\/p>\n<p class=\"p1\"><span class=\"s1\"><strong>Serving The Heart<\/strong>\u00a0i<\/span><span class=\"s1\">s part of the DENKSTAHL EDITION.<\/span><\/p>\n<p class=\"p1\"><span class=\"s1\">DENKSTAHL is the latest art project by the Frankfurt artist AL, who has been expressing his rebellious spirit in pictures and words for 25 years. His biography and artistic career have been documented in the book <a href=\"https:\/\/vollherzig.de\/produkt\/denkstahl-art-of-a-rebellious-mind?lang=en\">DENKSTAHL. art of a rebellious mind<\/a>.<\/span><\/p>\n<p class=\"p1\"><span class=\"s1\">AL\u2019s pictures and texts invite you to look behind the colorful glow of the surface, down into the depths of society and your own mind. Although some of his phrases and pictures can also be found in urban areas, AL is not a typical street art activist.<\/span><\/p>\n<p>&nbsp;<\/p>\n<h2>\u00bb<a href=\"https:\/\/denkstahl.com\/artlife-2\" target=\"_blank\" rel=\"noopener noreferrer\"><span class=\"s1\">About the artist and author AL: denkstahl.com<\/span><\/a><\/h2>\n<p>[\/et_pb_text][et_pb_divider color=&#8221;#cccccc&#8221; disabled_on=&#8221;on|on|on&#8221; _builder_version=&#8221;4.16&#8243; custom_margin_tablet=&#8221;||6px||false|false&#8221; custom_margin_phone=&#8221;&#8221; custom_margin_last_edited=&#8221;on|tablet&#8221; disabled=&#8221;on&#8221; global_colors_info=&#8221;{}&#8221;][\/et_pb_divider][et_pb_text disabled_on=&#8221;on|on|on&#8221; _builder_version=&#8221;4.16&#8243; disabled=&#8221;on&#8221; global_colors_info=&#8221;{}&#8221; link_text_color__hover=&#8221;#c61b52&#8243;]<\/p>\n<h2 class=\"single-thumbnail-title post-title-color gdl-title\">Make Love Not War \u2013 Zur Symbolik der Liebe<\/h2>\n<p>Der Appell MAKE LOVE NOT WAR ist aktueller denn je. 1967 nutzten ihn die Hippies als Slogan, als sie gegen den Vietnamkrieg und den Kalten Krieg protestierten. In dem Musical \u00bbHair\u00ab wird MAKE LOVE NOT WAR \u00fcbersetzt in: \u00bbBumsen statt Bomben!\u00ab Tats\u00e4chlich ist die unbefriedete und verkorkste Sexualit\u00e4t des Menschen eines der Urgr\u00fcnde, warum die M\u00e4nner dieser Welt Krieg f\u00fchren k\u00f6nnen und wollen. Frauen f\u00fchren aufgrund der sexuellen Frustration auch Krieg, nur etwas anders als M\u00e4nner.<\/p>\n<p>&nbsp;<\/p>\n<h2>\u00bb<a href=\"https:\/\/vollherzig.de\/make-love-not-war-zur-symbolik-der-liebe\">Den gesamten Artikel lesen<\/a><\/h2>\n<p>[\/et_pb_text][et_pb_divider color=&#8221;#cccccc&#8221; _builder_version=&#8221;4.16&#8243; locked=&#8221;off&#8221; global_colors_info=&#8221;{}&#8221;][\/et_pb_divider][et_pb_wc_upsells _builder_version=&#8221;4.16&#8243; global_colors_info=&#8221;{}&#8221;][\/et_pb_wc_upsells][\/et_pb_column][\/et_pb_row][et_pb_row custom_padding_last_edited=&#8221;on|tablet&#8221; _builder_version=&#8221;4.16&#8243; custom_margin=&#8221;-30px||||false|false&#8221; custom_padding_tablet=&#8221;||0px||false|false&#8221; custom_padding_phone=&#8221;&#8221; locked=&#8221;off&#8221; global_colors_info=&#8221;{}&#8221;][et_pb_column type=&#8221;4_4&#8243; _builder_version=&#8221;4.16&#8243; global_colors_info=&#8221;{}&#8221;][et_pb_text module_id=&#8221;ab4000&#8243; module_class=&#8221;ab4000&#8243; _builder_version=&#8221;4.16&#8243; header_2_text_align=&#8221;center&#8221; header_2_text_color=&#8221;#000000&#8243; global_colors_info=&#8221;{}&#8221;]<\/p>\n<h2>Similar Artworks<\/h2>\n<p>[\/et_pb_text][\/et_pb_column][\/et_pb_row][et_pb_row column_structure=&#8221;1_3,1_3,1_3&#8243; _builder_version=&#8221;4.16&#8243; width=&#8221;90%&#8221; max_width=&#8221;100%&#8221; locked=&#8221;off&#8221; global_colors_info=&#8221;{}&#8221;][et_pb_column type=&#8221;1_3&#8243; _builder_version=&#8221;4.16&#8243; global_colors_info=&#8221;{}&#8221;][et_pb_image src=&#8221;https:\/\/vollherzig.de\/wp-content\/uploads\/2019\/07\/Kunstwerk-Denkstahl69.jpg&#8221; url=&#8221;@ET-DC@eyJkeW5hbWljIjp0cnVlLCJjb250ZW50IjoicG9zdF9saW5rX3VybF9wcm9kdWN0Iiwic2V0dGluZ3MiOnsicG9zdF9pZCI6IjkzMzUifX0=@&#8221; show_bottom_space=&#8221;off&#8221; _builder_version=&#8221;4.16&#8243; _dynamic_attributes=&#8221;url&#8221; custom_margin=&#8221;||27px||false|false&#8221; border_width_all=&#8221;3px&#8221; border_color_all=&#8221;#000000&#8243; global_colors_info=&#8221;{}&#8221;][\/et_pb_image][et_pb_text _builder_version=&#8221;4.16&#8243; _dynamic_attributes=&#8221;link_option_url&#8221; text_font_size=&#8221;17px&#8221; text_line_height=&#8221;1.2em&#8221; header_2_text_align=&#8221;center&#8221; header_2_font_size=&#8221;22px&#8221; text_orientation=&#8221;center&#8221; link_option_url=&#8221;@ET-DC@eyJkeW5hbWljIjp0cnVlLCJjb250ZW50IjoicG9zdF9saW5rX3VybF9wcm9kdWN0Iiwic2V0dGluZ3MiOnsicG9zdF9pZCI6IjkzMzUifX0=@&#8221; global_colors_info=&#8221;{}&#8221;]<\/p>\n<h2>Leo&#8217;s Nightmare<\/h2>\n<p>Limited Edition (50)<br \/>50&#215;70 cm<br \/><strong>600 \u20ac<\/strong><\/p>\n<p>[\/et_pb_text][\/et_pb_column][et_pb_column type=&#8221;1_3&#8243; _builder_version=&#8221;4.16&#8243; global_colors_info=&#8221;{}&#8221;][et_pb_image src=&#8221;https:\/\/vollherzig.de\/wp-content\/uploads\/2020\/05\/Kunstwerk-Denkstahl37c.jpg&#8221; url=&#8221;@ET-DC@eyJkeW5hbWljIjp0cnVlLCJjb250ZW50IjoicG9zdF9saW5rX3VybF9wcm9kdWN0Iiwic2V0dGluZ3MiOnsicG9zdF9pZCI6IjkzMzcifX0=@&#8221; show_bottom_space=&#8221;off&#8221; force_fullwidth=&#8221;on&#8221; _builder_version=&#8221;4.16&#8243; _dynamic_attributes=&#8221;url&#8221; custom_margin=&#8221;||27px||false|false&#8221; border_width_all=&#8221;3px&#8221; border_color_all=&#8221;#000000&#8243; global_colors_info=&#8221;{}&#8221;][\/et_pb_image][et_pb_text _builder_version=&#8221;4.19.4&#8243; _dynamic_attributes=&#8221;link_option_url&#8221; text_font_size=&#8221;17px&#8221; text_line_height=&#8221;1.2em&#8221; header_2_text_align=&#8221;center&#8221; header_2_font_size=&#8221;22px&#8221; text_orientation=&#8221;center&#8221; link_option_url=&#8221;@ET-DC@eyJkeW5hbWljIjp0cnVlLCJjb250ZW50IjoicG9zdF9saW5rX3VybF9wcm9kdWN0Iiwic2V0dGluZ3MiOnsicG9zdF9pZCI6IjkzMzcifX0=@&#8221; hover_enabled=&#8221;0&#8243; global_colors_info=&#8221;{}&#8221; sticky_enabled=&#8221;0&#8243;]<\/p>\n<h2>Protest Deluxe<\/h2>\n<p>Limited Edition (50)<br \/>50&#215;70 cm<br \/><strong>700 \u20ac<\/strong><\/p>\n<p>[\/et_pb_text][et_pb_divider color=&#8221;#cccccc&#8221; _builder_version=&#8221;4.16&#8243; locked=&#8221;off&#8221; global_colors_info=&#8221;{}&#8221;][\/et_pb_divider][\/et_pb_column][et_pb_column type=&#8221;1_3&#8243; _builder_version=&#8221;4.16&#8243; global_colors_info=&#8221;{}&#8221;][et_pb_image src=&#8221;https:\/\/vollherzig.de\/wp-content\/uploads\/2019\/07\/Kunstwerk-Denkstahl37b.jpg&#8221; url=&#8221;@ET-DC@eyJkeW5hbWljIjp0cnVlLCJjb250ZW50IjoicG9zdF9saW5rX3VybF9wcm9kdWN0Iiwic2V0dGluZ3MiOnsicG9zdF9pZCI6IjkzNDUifX0=@&#8221; show_bottom_space=&#8221;off&#8221; force_fullwidth=&#8221;on&#8221; _builder_version=&#8221;4.16&#8243; _dynamic_attributes=&#8221;url&#8221; custom_margin=&#8221;||27px||false|false&#8221; border_width_all=&#8221;3px&#8221; border_color_all=&#8221;#000000&#8243; global_colors_info=&#8221;{}&#8221;][\/et_pb_image][et_pb_text _builder_version=&#8221;4.16&#8243; _dynamic_attributes=&#8221;link_option_url&#8221; text_font_size=&#8221;17px&#8221; text_line_height=&#8221;1.2em&#8221; header_2_text_align=&#8221;center&#8221; header_2_font_size=&#8221;22px&#8221; text_orientation=&#8221;center&#8221; link_option_url=&#8221;@ET-DC@eyJkeW5hbWljIjp0cnVlLCJjb250ZW50IjoicG9zdF9saW5rX3VybF9wcm9kdWN0Iiwic2V0dGluZ3MiOnsicG9zdF9pZCI6IjkzNDUifX0=@&#8221; global_colors_info=&#8221;{}&#8221;]<\/p>\n<h2>Wounded Mc<\/h2>\n<p>Limited Edition (50)<br \/>50&#215;70 cm<br \/><strong>600 \u20ac<\/strong><\/p>\n<p>[\/et_pb_text][\/et_pb_column][\/et_pb_row][et_pb_row column_structure=&#8221;1_3,1_3,1_3&#8243; _builder_version=&#8221;4.16&#8243; width=&#8221;90%&#8221; max_width=&#8221;90%&#8221; locked=&#8221;off&#8221; global_colors_info=&#8221;{}&#8221;][et_pb_column type=&#8221;1_3&#8243; _builder_version=&#8221;4.16&#8243; global_colors_info=&#8221;{}&#8221;][et_pb_image src=&#8221;https:\/\/vollherzig.de\/wp-content\/uploads\/2020\/05\/Kunstwerk-Denkstahl27a.jpg&#8221; _builder_version=&#8221;4.16&#8243; custom_margin_tablet=&#8221;||13px||false|false&#8221; custom_margin_phone=&#8221;&#8221; custom_margin_last_edited=&#8221;on|tablet&#8221; global_colors_info=&#8221;{}&#8221;][\/et_pb_image][et_pb_button button_url=&#8221;https:\/\/vollherzig.de\/limited-edition?lang=en#from-4000&#8243; button_text=&#8221;Limited Editions from 6000 \u20ac&#8221; button_alignment=&#8221;center&#8221; _builder_version=&#8221;4.19.4&#8243; custom_margin_tablet=&#8221;||15px||false|false&#8221; custom_margin_phone=&#8221;&#8221; custom_margin_last_edited=&#8221;on|tablet&#8221; hover_enabled=&#8221;0&#8243; locked=&#8221;off&#8221; global_colors_info=&#8221;{}&#8221; sticky_enabled=&#8221;0&#8243;][\/et_pb_button][\/et_pb_column][et_pb_column type=&#8221;1_3&#8243; _builder_version=&#8221;4.16&#8243; global_colors_info=&#8221;{}&#8221;][et_pb_image src=&#8221;https:\/\/vollherzig.de\/wp-content\/uploads\/2020\/05\/Kunstwerk-Denkstahl57d.jpg&#8221; _builder_version=&#8221;4.16&#8243; custom_margin_tablet=&#8221;||13px||false|false&#8221; custom_margin_phone=&#8221;&#8221; custom_margin_last_edited=&#8221;on|tablet&#8221; locked=&#8221;off&#8221; global_colors_info=&#8221;{}&#8221;][\/et_pb_image][et_pb_button button_url=&#8221;https:\/\/vollherzig.de\/limited-edition?lang=en#from-600&#8243; button_text=&#8221;Limited Editions from 600 \u20ac&#8221; button_alignment=&#8221;center&#8221; _builder_version=&#8221;4.16&#8243; custom_margin_tablet=&#8221;||15px||false|false&#8221; custom_margin_phone=&#8221;&#8221; custom_margin_last_edited=&#8221;on|tablet&#8221; locked=&#8221;off&#8221; global_colors_info=&#8221;{}&#8221;][\/et_pb_button][\/et_pb_column][et_pb_column type=&#8221;1_3&#8243; _builder_version=&#8221;4.16&#8243; global_colors_info=&#8221;{}&#8221;][et_pb_image src=&#8221;https:\/\/vollherzig.de\/wp-content\/uploads\/2017\/10\/Kunstwerk-Denkstahl68.jpg&#8221; _builder_version=&#8221;4.16&#8243; custom_margin_tablet=&#8221;||13px||false|false&#8221; custom_margin_phone=&#8221;&#8221; custom_margin_last_edited=&#8221;on|tablet&#8221; global_colors_info=&#8221;{}&#8221;][\/et_pb_image][et_pb_button button_url=&#8221;https:\/\/vollherzig.de\/limited-edition?lang=en#from-100&#8243; button_text=&#8221;Limited Editions from 500 \u20ac&#8221; button_alignment=&#8221;center&#8221; _builder_version=&#8221;4.19.4&#8243; custom_margin_tablet=&#8221;||15px||false|false&#8221; custom_margin_phone=&#8221;&#8221; custom_margin_last_edited=&#8221;on|tablet&#8221; hover_enabled=&#8221;0&#8243; locked=&#8221;off&#8221; global_colors_info=&#8221;{}&#8221; sticky_enabled=&#8221;0&#8243;][\/et_pb_button][\/et_pb_column][\/et_pb_row][\/et_pb_section]<\/p>\n","protected":false},"excerpt":{"rendered":"<p>Serigraph<br \/>\n50&#215;69 cm<br \/>\nLimited Edition (50)<br \/>\n<span class=\"s1\">2-colored screen print<br \/>\non 240 g\/sq flora, mottled, natural white.<br \/>\nUnframed<\/span>.<br \/>\nNumbered and signed by the artist.<\/p>\n<p>Delivery time: 3 to 7 days within Germany<br \/>\nOrders outside of Germany may have longer delivery times.<\/p>\n<p>&nbsp;<\/p>\n","protected":false},"featured_media":20147,"template":"","meta":{"_et_pb_use_builder":"on","_et_pb_old_content":"","_et_gb_content_width":""},"product_cat":[143,168],"product_tag":[149,167,147,148],"yoast_head":"<!-- This site is optimized with the Yoast SEO plugin v19.12 - https:\/\/yoast.com\/wordpress\/plugins\/seo\/ -->\n<title>Serving The Heart - GALERIE VOLLHERZIG<\/title>\n<meta name=\"robots\" content=\"index, follow, max-snippet:-1, max-image-preview:large, max-video-preview:-1\" \/>\n<link rel=\"canonical\" href=\"https:\/\/vollherzig.de\/en\/produkt\/serving-the-heart\" \/>\n<meta property=\"og:locale\" content=\"en_US\" \/>\n<meta property=\"og:type\" content=\"article\" \/>\n<meta property=\"og:title\" content=\"Serving The Heart - GALERIE VOLLHERZIG\" \/>\n<meta property=\"og:description\" content=\"Serigraph 50x69 cm Limited Edition (50) 2-colored screen print on 240 g\/sq flora, mottled, natural white. Unframed. Numbered and signed by the artist.  Delivery time: 3 to 7 days within Germany Orders outside of Germany may have longer delivery times.  &nbsp;\" \/>\n<meta property=\"og:url\" content=\"https:\/\/vollherzig.de\/en\/produkt\/serving-the-heart\" \/>\n<meta property=\"og:site_name\" content=\"GALERIE VOLLHERZIG\" \/>\n<meta property=\"article:modified_time\" content=\"2024-04-22T12:46:21+00:00\" \/>\n<meta property=\"og:image\" content=\"https:\/\/vollherzig.de\/wp-content\/uploads\/2020\/05\/Kunstwerk-Denkstahl37a.jpg\" \/>\n\t<meta property=\"og:image:width\" content=\"582\" \/>\n\t<meta property=\"og:image:height\" content=\"800\" \/>\n\t<meta property=\"og:image:type\" content=\"image\/jpeg\" \/>\n<meta name=\"twitter:card\" content=\"summary_large_image\" \/>\n<meta name=\"twitter:label1\" content=\"Est. reading time\" \/>\n\t<meta name=\"twitter:data1\" content=\"7 minutes\" \/>\n<script type=\"application\/ld+json\" class=\"yoast-schema-graph\">{\"@context\":\"https:\/\/schema.org\",\"@graph\":[{\"@type\":\"WebPage\",\"@id\":\"https:\/\/vollherzig.de\/en\/produkt\/serving-the-heart\",\"url\":\"https:\/\/vollherzig.de\/en\/produkt\/serving-the-heart\",\"name\":\"Serving The Heart - GALERIE VOLLHERZIG\",\"isPartOf\":{\"@id\":\"https:\/\/vollherzig.de\/#website\"},\"datePublished\":\"2020-08-09T16:13:10+00:00\",\"dateModified\":\"2024-04-22T12:46:21+00:00\",\"breadcrumb\":{\"@id\":\"https:\/\/vollherzig.de\/en\/produkt\/serving-the-heart#breadcrumb\"},\"inLanguage\":\"en-US\",\"potentialAction\":[{\"@type\":\"ReadAction\",\"target\":[\"https:\/\/vollherzig.de\/en\/produkt\/serving-the-heart\"]}]},{\"@type\":\"BreadcrumbList\",\"@id\":\"https:\/\/vollherzig.de\/en\/produkt\/serving-the-heart#breadcrumb\",\"itemListElement\":[{\"@type\":\"ListItem\",\"position\":1,\"name\":\"Startseite\",\"item\":\"https:\/\/vollherzig.de\/en\"},{\"@type\":\"ListItem\",\"position\":2,\"name\":\"Limited Edition\",\"item\":\"https:\/\/vollherzig.de\/en\/limited-edition\"},{\"@type\":\"ListItem\",\"position\":3,\"name\":\"Serving The Heart\"}]},{\"@type\":\"WebSite\",\"@id\":\"https:\/\/vollherzig.de\/#website\",\"url\":\"https:\/\/vollherzig.de\/\",\"name\":\"GALERIE VOLLHERZIG\",\"description\":\"Zeitgen\u00f6ssische Kunst, philosophisch, kritisch, knallig\",\"potentialAction\":[{\"@type\":\"SearchAction\",\"target\":{\"@type\":\"EntryPoint\",\"urlTemplate\":\"https:\/\/vollherzig.de\/?s={search_term_string}\"},\"query-input\":\"required name=search_term_string\"}],\"inLanguage\":\"en-US\"}]}<\/script>\n<!-- \/ Yoast SEO plugin. -->","yoast_head_json":{"title":"Serving The Heart - GALERIE VOLLHERZIG","robots":{"index":"index","follow":"follow","max-snippet":"max-snippet:-1","max-image-preview":"max-image-preview:large","max-video-preview":"max-video-preview:-1"},"canonical":"https:\/\/vollherzig.de\/en\/produkt\/serving-the-heart","og_locale":"en_US","og_type":"article","og_title":"Serving The Heart - GALERIE VOLLHERZIG","og_description":"Serigraph 50x69 cm Limited Edition (50) 2-colored screen print on 240 g\/sq flora, mottled, natural white. Unframed. Numbered and signed by the artist.  Delivery time: 3 to 7 days within Germany Orders outside of Germany may have longer delivery times.  &nbsp;","og_url":"https:\/\/vollherzig.de\/en\/produkt\/serving-the-heart","og_site_name":"GALERIE VOLLHERZIG","article_modified_time":"2024-04-22T12:46:21+00:00","og_image":[{"width":582,"height":800,"url":"https:\/\/vollherzig.de\/wp-content\/uploads\/2020\/05\/Kunstwerk-Denkstahl37a.jpg","type":"image\/jpeg"}],"twitter_card":"summary_large_image","twitter_misc":{"Est. reading time":"7 minutes"},"schema":{"@context":"https:\/\/schema.org","@graph":[{"@type":"WebPage","@id":"https:\/\/vollherzig.de\/en\/produkt\/serving-the-heart","url":"https:\/\/vollherzig.de\/en\/produkt\/serving-the-heart","name":"Serving The Heart - GALERIE VOLLHERZIG","isPartOf":{"@id":"https:\/\/vollherzig.de\/#website"},"datePublished":"2020-08-09T16:13:10+00:00","dateModified":"2024-04-22T12:46:21+00:00","breadcrumb":{"@id":"https:\/\/vollherzig.de\/en\/produkt\/serving-the-heart#breadcrumb"},"inLanguage":"en-US","potentialAction":[{"@type":"ReadAction","target":["https:\/\/vollherzig.de\/en\/produkt\/serving-the-heart"]}]},{"@type":"BreadcrumbList","@id":"https:\/\/vollherzig.de\/en\/produkt\/serving-the-heart#breadcrumb","itemListElement":[{"@type":"ListItem","position":1,"name":"Startseite","item":"https:\/\/vollherzig.de\/en"},{"@type":"ListItem","position":2,"name":"Limited Edition","item":"https:\/\/vollherzig.de\/en\/limited-edition"},{"@type":"ListItem","position":3,"name":"Serving The Heart"}]},{"@type":"WebSite","@id":"https:\/\/vollherzig.de\/#website","url":"https:\/\/vollherzig.de\/","name":"GALERIE VOLLHERZIG","description":"Zeitgen\u00f6ssische Kunst, philosophisch, kritisch, knallig","potentialAction":[{"@type":"SearchAction","target":{"@type":"EntryPoint","urlTemplate":"https:\/\/vollherzig.de\/?s={search_term_string}"},"query-input":"required name=search_term_string"}],"inLanguage":"en-US"}]}},"_links":{"self":[{"href":"https:\/\/vollherzig.de\/en\/wp-json\/wp\/v2\/product\/26348"}],"collection":[{"href":"https:\/\/vollherzig.de\/en\/wp-json\/wp\/v2\/product"}],"about":[{"href":"https:\/\/vollherzig.de\/en\/wp-json\/wp\/v2\/types\/product"}],"wp:featuredmedia":[{"embeddable":true,"href":"https:\/\/vollherzig.de\/en\/wp-json\/wp\/v2\/media\/20147"}],"wp:attachment":[{"href":"https:\/\/vollherzig.de\/en\/wp-json\/wp\/v2\/media?parent=26348"}],"wp:term":[{"taxonomy":"product_cat","embeddable":true,"href":"https:\/\/vollherzig.de\/en\/wp-json\/wp\/v2\/product_cat?post=26348"},{"taxonomy":"product_tag","embeddable":true,"href":"https:\/\/vollherzig.de\/en\/wp-json\/wp\/v2\/product_tag?post=26348"}],"curies":[{"name":"wp","href":"https:\/\/api.w.org\/{rel}","templated":true}]}}