{"id":26383,"date":"2019-07-24T02:29:52","date_gmt":"2020-08-09T16:35:56","guid":{"rendered":"https:\/\/vollherzig.de\/produkt\/speed-2"},"modified":"2020-08-09T16:35:59","modified_gmt":"2020-08-09T16:35:59","slug":"speed-2","status":"publish","type":"product","link":"https:\/\/vollherzig.de\/en\/produkt\/speed-2","title":{"rendered":"SPEED 2"},"content":{"rendered":"<p class=\"p1\">Numbered and signed by the artist. Unframed. Jedes Werk wird von uns sorgf\u00e4ltig verpackt und verschickt. Delivery time: 3 to 7 days within Germany.<\/p>\n<p class=\"p1\"><span class=\"s1\"><strong>SPEED 2<\/strong> ist Teil der DENKSTAHL EDITION. DENKSTAHL ist das j\u00fcngste Projekt des K\u00fcnstlers AL, der seit 25 Jahren seinen rebellischen Geist in Bild und Wort ausdr\u00fcckt. Seine Autobiografie und sein k\u00fcnstlerischer Werdegang sind in dem Kunstbuch <a href=\"https:\/\/vollherzig.de\/produkt\/denkstahl-art-of-a-rebellious-mind\">DENKSTAHL. art of a rebellious mind,<\/a> documented.<\/span><\/p>\n<p class=\"p1\"><span class=\"s1\">In seiner <a href=\"http:\/\/denkstahl.com\/digit-al-streetart\/galleries\" target=\"_blank\" rel=\"noopener noreferrer\">DIGIT-AL STREETART<\/a> verbindet AL Themen der Streetart mit digitaler Bildkunst. Seine Bilder und Texte fordern auf, hinter den bunten Schein der Oberfl\u00e4che, hinab in die Tiefen der Gesellschaft und des eigenen Geistes zu blicken. Although some of his phrases and pictures can also be found in urban areas, AL is not a typical street art activist.<\/span><\/p>\n<p>AL&#8217;s homepage: <a href=\"http:\/\/www.denkstahl.com\/\">denkstahl.com<\/a><\/p>\n","protected":false},"excerpt":{"rendered":"<p>FineArtPrint on Hahnem\u00fchle<br \/>\n50\u00d770 cm<br \/>\nLimited Edition 2-49<\/p>\n<p>&nbsp;<\/p>\n<p>Nr.1 \u2013 Preis auf Anfrage<\/p>\n","protected":false},"featured_media":26384,"template":"","meta":{"_et_pb_use_builder":"","_et_pb_old_content":"","_et_gb_content_width":""},"product_cat":[143],"product_tag":[173,149,148],"yoast_head":"<!-- This site is optimized with the Yoast SEO plugin v19.12 - https:\/\/yoast.com\/wordpress\/plugins\/seo\/ -->\n<title>SPEED 2 - GALERIE VOLLHERZIG<\/title>\n<meta name=\"robots\" content=\"index, follow, max-snippet:-1, max-image-preview:large, max-video-preview:-1\" \/>\n<link rel=\"canonical\" href=\"https:\/\/vollherzig.de\/produkt\/speed-2?lang=en\" \/>\n<meta property=\"og:locale\" content=\"en_US\" \/>\n<meta property=\"og:type\" content=\"article\" \/>\n<meta property=\"og:title\" content=\"SPEED 2 - GALERIE VOLLHERZIG\" \/>\n<meta property=\"og:description\" content=\"FineArtPrint on Hahnem\u00fchle 50\u00d770 cm Limited Edition 2-49 &nbsp; Nr.1 \u2013 Preis auf Anfrage\" \/>\n<meta property=\"og:url\" content=\"https:\/\/vollherzig.de\/produkt\/speed-2?lang=en\" \/>\n<meta property=\"og:site_name\" content=\"GALERIE VOLLHERZIG\" \/>\n<meta property=\"article:modified_time\" content=\"2020-08-09T16:35:59+00:00\" \/>\n<meta property=\"og:image\" content=\"https:\/\/i0.wp.com\/vollherzig.de\/wp-content\/uploads\/2020\/03\/Denkstahl-Speed-2.jpg?fit=1400%2C1018&ssl=1\" \/>\n\t<meta property=\"og:image:width\" content=\"1400\" \/>\n\t<meta property=\"og:image:height\" content=\"1018\" \/>\n\t<meta property=\"og:image:type\" content=\"image\/jpeg\" \/>\n<meta name=\"twitter:card\" content=\"summary_large_image\" \/>\n<meta name=\"twitter:label1\" content=\"Est. reading time\" \/>\n\t<meta name=\"twitter:data1\" content=\"1 minute\" \/>\n<script type=\"application\/ld+json\" class=\"yoast-schema-graph\">{\"@context\":\"https:\/\/schema.org\",\"@graph\":[{\"@type\":\"WebPage\",\"@id\":\"https:\/\/vollherzig.de\/produkt\/speed-2?lang=en\",\"url\":\"https:\/\/vollherzig.de\/produkt\/speed-2?lang=en\",\"name\":\"SPEED 2 - GALERIE VOLLHERZIG\",\"isPartOf\":{\"@id\":\"https:\/\/vollherzig.de\/#website\"},\"datePublished\":\"2020-08-09T16:35:56+00:00\",\"dateModified\":\"2020-08-09T16:35:59+00:00\",\"breadcrumb\":{\"@id\":\"https:\/\/vollherzig.de\/produkt\/speed-2?lang=en#breadcrumb\"},\"inLanguage\":\"en-US\",\"potentialAction\":[{\"@type\":\"ReadAction\",\"target\":[\"https:\/\/vollherzig.de\/produkt\/speed-2?lang=en\"]}]},{\"@type\":\"BreadcrumbList\",\"@id\":\"https:\/\/vollherzig.de\/produkt\/speed-2?lang=en#breadcrumb\",\"itemListElement\":[{\"@type\":\"ListItem\",\"position\":1,\"name\":\"Startseite\",\"item\":\"https:\/\/vollherzig.de\/en\"},{\"@type\":\"ListItem\",\"position\":2,\"name\":\"Limited Edition\",\"item\":\"https:\/\/vollherzig.de\/en\/limited-edition\"},{\"@type\":\"ListItem\",\"position\":3,\"name\":\"SPEED 2\"}]},{\"@type\":\"WebSite\",\"@id\":\"https:\/\/vollherzig.de\/#website\",\"url\":\"https:\/\/vollherzig.de\/\",\"name\":\"GALERIE VOLLHERZIG\",\"description\":\"Zeitgen\u00f6ssische Kunst, philosophisch, kritisch, knallig\",\"potentialAction\":[{\"@type\":\"SearchAction\",\"target\":{\"@type\":\"EntryPoint\",\"urlTemplate\":\"https:\/\/vollherzig.de\/?s={search_term_string}\"},\"query-input\":\"required name=search_term_string\"}],\"inLanguage\":\"en-US\"}]}<\/script>\n<!-- \/ Yoast SEO plugin. -->","yoast_head_json":{"title":"SPEED 2 - GALERIE VOLLHERZIG","robots":{"index":"index","follow":"follow","max-snippet":"max-snippet:-1","max-image-preview":"max-image-preview:large","max-video-preview":"max-video-preview:-1"},"canonical":"https:\/\/vollherzig.de\/produkt\/speed-2?lang=en","og_locale":"en_US","og_type":"article","og_title":"SPEED 2 - GALERIE VOLLHERZIG","og_description":"FineArtPrint on Hahnem\u00fchle 50\u00d770 cm Limited Edition 2-49 &nbsp; Nr.1 \u2013 Preis auf Anfrage","og_url":"https:\/\/vollherzig.de\/produkt\/speed-2?lang=en","og_site_name":"GALERIE VOLLHERZIG","article_modified_time":"2020-08-09T16:35:59+00:00","og_image":[{"width":1400,"height":1018,"url":"https:\/\/i0.wp.com\/vollherzig.de\/wp-content\/uploads\/2020\/03\/Denkstahl-Speed-2.jpg?fit=1400%2C1018&ssl=1","type":"image\/jpeg"}],"twitter_card":"summary_large_image","twitter_misc":{"Est. reading time":"1 minute"},"schema":{"@context":"https:\/\/schema.org","@graph":[{"@type":"WebPage","@id":"https:\/\/vollherzig.de\/produkt\/speed-2?lang=en","url":"https:\/\/vollherzig.de\/produkt\/speed-2?lang=en","name":"SPEED 2 - GALERIE VOLLHERZIG","isPartOf":{"@id":"https:\/\/vollherzig.de\/#website"},"datePublished":"2020-08-09T16:35:56+00:00","dateModified":"2020-08-09T16:35:59+00:00","breadcrumb":{"@id":"https:\/\/vollherzig.de\/produkt\/speed-2?lang=en#breadcrumb"},"inLanguage":"en-US","potentialAction":[{"@type":"ReadAction","target":["https:\/\/vollherzig.de\/produkt\/speed-2?lang=en"]}]},{"@type":"BreadcrumbList","@id":"https:\/\/vollherzig.de\/produkt\/speed-2?lang=en#breadcrumb","itemListElement":[{"@type":"ListItem","position":1,"name":"Startseite","item":"https:\/\/vollherzig.de\/en"},{"@type":"ListItem","position":2,"name":"Limited Edition","item":"https:\/\/vollherzig.de\/en\/limited-edition"},{"@type":"ListItem","position":3,"name":"SPEED 2"}]},{"@type":"WebSite","@id":"https:\/\/vollherzig.de\/#website","url":"https:\/\/vollherzig.de\/","name":"GALERIE VOLLHERZIG","description":"Zeitgen\u00f6ssische Kunst, philosophisch, kritisch, knallig","potentialAction":[{"@type":"SearchAction","target":{"@type":"EntryPoint","urlTemplate":"https:\/\/vollherzig.de\/?s={search_term_string}"},"query-input":"required name=search_term_string"}],"inLanguage":"en-US"}]}},"_links":{"self":[{"href":"https:\/\/vollherzig.de\/en\/wp-json\/wp\/v2\/product\/26383"}],"collection":[{"href":"https:\/\/vollherzig.de\/en\/wp-json\/wp\/v2\/product"}],"about":[{"href":"https:\/\/vollherzig.de\/en\/wp-json\/wp\/v2\/types\/product"}],"wp:featuredmedia":[{"embeddable":true,"href":"https:\/\/vollherzig.de\/en\/wp-json\/wp\/v2\/media\/26384"}],"wp:attachment":[{"href":"https:\/\/vollherzig.de\/en\/wp-json\/wp\/v2\/media?parent=26383"}],"wp:term":[{"taxonomy":"product_cat","embeddable":true,"href":"https:\/\/vollherzig.de\/en\/wp-json\/wp\/v2\/product_cat?post=26383"},{"taxonomy":"product_tag","embeddable":true,"href":"https:\/\/vollherzig.de\/en\/wp-json\/wp\/v2\/product_tag?post=26383"}],"curies":[{"name":"wp","href":"https:\/\/api.w.org\/{rel}","templated":true}]}}