{"id":26395,"date":"2020-04-19T09:42:24","date_gmt":"2020-08-09T16:40:26","guid":{"rendered":"https:\/\/vollherzig.de\/produkt\/colors-of-war"},"modified":"2020-10-05T22:01:43","modified_gmt":"2020-10-05T22:01:43","slug":"colors-of-war-2","status":"publish","type":"product","link":"https:\/\/vollherzig.de\/en\/produkt\/colors-of-war-2","title":{"rendered":"Colors Of War"},"content":{"rendered":"<p>[et_pb_section fb_built=&#8221;1&#8243; _builder_version=&#8221;3.22&#8243; custom_padding=&#8221;0px||||false|false&#8221; da_disable_devices=&#8221;off|off|off&#8221; da_is_popup=&#8221;off&#8221; da_exit_intent=&#8221;off&#8221; da_has_close=&#8221;on&#8221; da_alt_close=&#8221;off&#8221; da_dark_close=&#8221;off&#8221; da_not_modal=&#8221;on&#8221; da_is_singular=&#8221;off&#8221; da_with_loader=&#8221;off&#8221; da_has_shadow=&#8221;on&#8221;][et_pb_row _builder_version=&#8221;4.4.2&#8243; width=&#8221;100%&#8221; max_width=&#8221;100%&#8221; custom_padding=&#8221;0px||||false|false&#8221; locked=&#8221;off&#8221;][et_pb_column type=&#8221;4_4&#8243; _builder_version=&#8221;4.4.2&#8243;][et_pb_image src=&#8221;https:\/\/vollherzig.de\/wp-content\/uploads\/2019\/07\/Kunstwerk-Denkstahl22l.jpg&#8221; align=&#8221;center&#8221; force_fullwidth=&#8221;on&#8221; _builder_version=&#8221;4.4.2&#8243; module_alignment=&#8221;left&#8221;][\/et_pb_image][\/et_pb_column][\/et_pb_row][et_pb_row column_structure=&#8221;1_2,1_2&#8243; custom_padding_last_edited=&#8221;on|tablet&#8221; _builder_version=&#8221;4.4.2&#8243; width=&#8221;90%&#8221; max_width=&#8221;90%&#8221; custom_padding_tablet=&#8221;||10px||false|false&#8221; custom_padding_phone=&#8221;&#8221;][et_pb_column type=&#8221;1_2&#8243; _builder_version=&#8221;3.25&#8243; custom_padding=&#8221;|||&#8221; custom_padding__hover=&#8221;|||&#8221;][et_pb_wc_images _builder_version=&#8221;3.0.47&#8243;][\/et_pb_wc_images][\/et_pb_column][et_pb_column type=&#8221;1_2&#8243; _builder_version=&#8221;3.25&#8243; custom_padding=&#8221;|||&#8221; custom_padding__hover=&#8221;|||&#8221;][et_pb_wc_title _builder_version=&#8221;3.0.47&#8243;][\/et_pb_wc_title][et_pb_wc_rating _builder_version=&#8221;3.0.47&#8243;][\/et_pb_wc_rating][et_pb_wc_price _builder_version=&#8221;3.0.47&#8243;][\/et_pb_wc_price][et_pb_wc_description _builder_version=&#8221;3.0.47&#8243;][\/et_pb_wc_description][et_pb_wc_add_to_cart _builder_version=&#8221;3.0.47&#8243;][\/et_pb_wc_add_to_cart][et_pb_divider color=&#8221;#cccccc&#8221; disabled_on=&#8221;off|off|on&#8221; _builder_version=&#8221;4.4.2&#8243; custom_margin_tablet=&#8221;||6px||false|false&#8221; custom_margin_phone=&#8221;&#8221; custom_margin_last_edited=&#8221;on|tablet&#8221; locked=&#8221;off&#8221;][\/et_pb_divider][\/et_pb_column][\/et_pb_row][et_pb_row custom_padding_last_edited=&#8221;on|tablet&#8221; _builder_version=&#8221;4.4.2&#8243; background_size=&#8221;initial&#8221; background_position=&#8221;top_left&#8221; background_repeat=&#8221;repeat&#8221; width=&#8221;90%&#8221; max_width=&#8221;90%&#8221; custom_padding_tablet=&#8221;0px||||false|false&#8221; custom_padding_phone=&#8221;&#8221; locked=&#8221;off&#8221;][et_pb_column type=&#8221;4_4&#8243; _builder_version=&#8221;3.25&#8243; custom_padding=&#8221;|||&#8221; custom_padding__hover=&#8221;|||&#8221;][et_pb_text _builder_version=&#8221;4.4.2&#8243; width=&#8221;100%&#8221; max_width=&#8221;100%&#8221; locked=&#8221;off&#8221; link_text_color__hover=&#8221;#c61b52&#8243;]<\/p>\n<p class=\"p1\"><span class=\"s1\"><strong>Colors Of War<\/strong>\u00a0i<\/span><span class=\"s1\">s part of the DENKSTAHL EDITION.<\/span><\/p>\n<p class=\"p1\"><span class=\"s1\">DENKSTAHL is the latest art project by the Frankfurt artist AL, who has been expressing his rebellious spirit in pictures and words for 25 years. His biography and artistic career have been documented in the book <a href=\"https:\/\/vollherzig.de\/produkt\/denkstahl-art-of-a-rebellious-mind?lang=en\">DENKSTAHL. art of a rebellious mind<\/a>.<\/span><\/p>\n<p class=\"p1\"><span class=\"s1\">AL\u2019s high-contrast images and meaningful texts often upending your initial thoughts and opinions, challenging the viewer to look at both sides of the coin both simultaneously and in an equal manner.<\/span><\/p>\n<p>&nbsp;<\/p>\n<h2>\u00bb<a href=\"https:\/\/denkstahl.com\/artlife-2\" target=\"_blank\" rel=\"noopener noreferrer\"><span class=\"s1\">About the artist and author AL: denkstahl.com<\/span><\/a><\/h2>\n<p>[\/et_pb_text][et_pb_divider color=&#8221;#cccccc&#8221; disabled_on=&#8221;on|on|on&#8221; _builder_version=&#8221;4.4.2&#8243; disabled=&#8221;on&#8221;][\/et_pb_divider][et_pb_text disabled_on=&#8221;on|on|on&#8221; _builder_version=&#8221;4.4.2&#8243; disabled=&#8221;on&#8221; link_text_color__hover=&#8221;#c61b52&#8243;]<\/p>\n<h2 class=\"p1\"><span class=\"s1\">United Colors Of Benetton<\/span><\/h2>\n<p>Die werbliche Kommunikation erlebte ab den 80er Jahren eine Umw\u00e4lzung, als das italienische Textil- und Modeunternehmen UNITED COLORS OF BENETTON in Zusammenarbeit mit dem Fotografen Oliviero Toscani eine umstrittene und ungew\u00f6hnliche Werbekampagne startete.<\/p>\n<p>Werbung, die nicht wie \u00fcblich darauf aus ist, zu verf\u00fchren, sondern Tatsachen schockierend vor Augen f\u00fchrt? Die umstrittene Werbeweise von BENETTON hatte ebenso viele Bef\u00fcrworter. Wollen wir wirklich Reklame, die uns nur Heile-Welt-Bilder vorgaukelt? Wollen wir lieber die Suggestionen einer sch\u00f6nen und bunten Welt oder die Bilder der harten und blutigen Realit\u00e4t? Lieber das Scheinheilige oder das Unheil auf Erden sehen?<\/p>\n<p>Benetton spricht (heute sehr viel softer als damals) sozialkritische Themen an und zitiert in den Werbekampagnen das Elend unserer Welt: Rassismus, Diskriminierung, Krieg, Krankheit, Ausbeutung, Todesstrafe, Kinderarbeit, Umweltverschmutzung, Arbeitslosigkeit, Armut. In seiner Serie UNITED COLORS OF DENKSTAHL zitiert der K\u00fcnstler AL die Schattenseiten unserer Welt und UNITED COLORS OF BENETTON gleichzeitig.<\/p>\n<p>&nbsp;<\/p>\n<h2>\u00bb<a href=\"https:\/\/vollherzig.de\/united-colors-of-denkstahl\">Den gesamten Artikel lesen<\/a><\/h2>\n<p>[\/et_pb_text][et_pb_divider color=&#8221;#cccccc&#8221; _builder_version=&#8221;4.4.2&#8243; locked=&#8221;off&#8221;][\/et_pb_divider][et_pb_wc_upsells _builder_version=&#8221;3.0.47&#8243;][\/et_pb_wc_upsells][\/et_pb_column][\/et_pb_row][et_pb_row custom_padding_last_edited=&#8221;on|tablet&#8221; _builder_version=&#8221;4.4.2&#8243; custom_margin=&#8221;-30px||||false|false&#8221; custom_padding_tablet=&#8221;||0px||false|false&#8221; custom_padding_phone=&#8221;&#8221; locked=&#8221;off&#8221;][et_pb_column type=&#8221;4_4&#8243; _builder_version=&#8221;4.4.2&#8243;][et_pb_text module_id=&#8221;ab4000&#8243; module_class=&#8221;ab4000&#8243; _builder_version=&#8221;4.4.2&#8243; header_2_text_align=&#8221;center&#8221; header_2_text_color=&#8221;#000000&#8243;]<\/p>\n<h2>Similar Artworks<\/h2>\n<p>[\/et_pb_text][\/et_pb_column][\/et_pb_row][et_pb_row column_structure=&#8221;1_3,1_3,1_3&#8243; _builder_version=&#8221;4.4.2&#8243; width=&#8221;90%&#8221; max_width=&#8221;100%&#8221; locked=&#8221;off&#8221;][et_pb_column type=&#8221;1_3&#8243; _builder_version=&#8221;4.4.2&#8243;][et_pb_image src=&#8221;https:\/\/vollherzig.de\/wp-content\/uploads\/2020\/05\/Kunstwerk-Denkstahl22e.jpg&#8221; url=&#8221;@ET-DC@eyJkeW5hbWljIjp0cnVlLCJjb250ZW50IjoicG9zdF9saW5rX3VybF9wcm9kdWN0Iiwic2V0dGluZ3MiOnsicG9zdF9pZCI6IjkzNDMifX0=@&#8221; show_bottom_space=&#8221;off&#8221; _builder_version=&#8221;4.4.2&#8243; _dynamic_attributes=&#8221;url&#8221; custom_margin=&#8221;||27px||false|false&#8221; border_width_all=&#8221;3px&#8221; border_color_all=&#8221;#000000&#8243;][\/et_pb_image][et_pb_text _builder_version=&#8221;4.4.2&#8243; _dynamic_attributes=&#8221;link_option_url&#8221; text_font_size=&#8221;17px&#8221; text_line_height=&#8221;1.2em&#8221; header_2_text_align=&#8221;center&#8221; header_2_font_size=&#8221;22px&#8221; text_orientation=&#8221;center&#8221; custom_margin_tablet=&#8221;||35px||false|false&#8221; custom_margin_phone=&#8221;&#8221; custom_margin_last_edited=&#8221;on|tablet&#8221; link_option_url=&#8221;@ET-DC@eyJkeW5hbWljIjp0cnVlLCJjb250ZW50IjoicG9zdF9saW5rX3VybF9wcm9kdWN0Iiwic2V0dGluZ3MiOnsicG9zdF9pZCI6IjkzNDMifX0=@&#8221;]<\/p>\n<h2>Six Pack<\/h2>\n<p>Limited Edition (50)<br \/> 70&#215;50 cm<br \/> <strong>600 \u20ac<\/strong><\/p>\n<p>[\/et_pb_text][\/et_pb_column][et_pb_column type=&#8221;1_3&#8243; _builder_version=&#8221;4.4.2&#8243;][et_pb_image src=&#8221;https:\/\/vollherzig.de\/wp-content\/uploads\/2020\/04\/Kunstwerk-Denkstahl57a.jpg&#8221; url=&#8221;@ET-DC@eyJkeW5hbWljIjp0cnVlLCJjb250ZW50IjoicG9zdF9saW5rX3VybF9wcm9kdWN0Iiwic2V0dGluZ3MiOnsicG9zdF9pZCI6IjE5MzE5In19@&#8221; show_bottom_space=&#8221;off&#8221; _builder_version=&#8221;4.4.2&#8243; _dynamic_attributes=&#8221;url&#8221; custom_margin=&#8221;||27px||false|false&#8221; border_width_all=&#8221;3px&#8221; border_color_all=&#8221;#000000&#8243;][\/et_pb_image][et_pb_text _builder_version=&#8221;4.4.2&#8243; _dynamic_attributes=&#8221;link_option_url&#8221; text_font_size=&#8221;17px&#8221; text_line_height=&#8221;1.2em&#8221; header_2_text_align=&#8221;center&#8221; header_2_font_size=&#8221;22px&#8221; text_orientation=&#8221;center&#8221; custom_margin_tablet=&#8221;||35px||false|false&#8221; custom_margin_phone=&#8221;&#8221; custom_margin_last_edited=&#8221;on|tablet&#8221; link_option_url=&#8221;@ET-DC@eyJkeW5hbWljIjp0cnVlLCJjb250ZW50IjoicG9zdF9saW5rX3VybF9wcm9kdWN0Iiwic2V0dGluZ3MiOnsicG9zdF9pZCI6IjE5MzE5In19@&#8221;]<\/p>\n<h2>Speed I<\/h2>\n<p>Limited Edition (50)<br \/> 70&#215;50 cm<br \/> <strong>600 \u20ac<\/strong><\/p>\n<p>[\/et_pb_text][et_pb_divider color=&#8221;#cccccc&#8221; disabled_on=&#8221;on|on|off&#8221; _builder_version=&#8221;4.4.2&#8243; custom_margin_tablet=&#8221;||35px||false|false&#8221; custom_margin_phone=&#8221;&#8221; custom_margin_last_edited=&#8221;on|tablet&#8221; locked=&#8221;off&#8221;][\/et_pb_divider][\/et_pb_column][et_pb_column type=&#8221;1_3&#8243; _builder_version=&#8221;4.4.2&#8243;][et_pb_image src=&#8221;https:\/\/vollherzig.de\/wp-content\/uploads\/2020\/04\/Kunstwerk-Denkstahl57b.jpg&#8221; url=&#8221;@ET-DC@eyJkeW5hbWljIjp0cnVlLCJjb250ZW50IjoicG9zdF9saW5rX3VybF9wcm9kdWN0Iiwic2V0dGluZ3MiOnsicG9zdF9pZCI6IjE5MzIxIn19@&#8221; show_bottom_space=&#8221;off&#8221; _builder_version=&#8221;4.4.2&#8243; _dynamic_attributes=&#8221;url&#8221; custom_margin=&#8221;||27px||false|false&#8221; border_width_all=&#8221;3px&#8221; border_color_all=&#8221;#000000&#8243;][\/et_pb_image][et_pb_text _builder_version=&#8221;4.4.2&#8243; _dynamic_attributes=&#8221;link_option_url&#8221; text_font_size=&#8221;17px&#8221; text_line_height=&#8221;1.2em&#8221; header_2_text_align=&#8221;center&#8221; header_2_font_size=&#8221;22px&#8221; text_orientation=&#8221;center&#8221; custom_margin_tablet=&#8221;||35px||false|false&#8221; custom_margin_phone=&#8221;&#8221; custom_margin_last_edited=&#8221;on|tablet&#8221; link_option_url=&#8221;@ET-DC@eyJkeW5hbWljIjp0cnVlLCJjb250ZW50IjoicG9zdF9saW5rX3VybF9wcm9kdWN0Iiwic2V0dGluZ3MiOnsicG9zdF9pZCI6IjE5MzIxIn19@&#8221;]<\/p>\n<h2>Speed II<\/h2>\n<p>Limited Edition (50)<br \/> 70&#215;50 cm<br \/> <strong>600 \u20ac<\/strong><\/p>\n<p>[\/et_pb_text][\/et_pb_column][\/et_pb_row][et_pb_row column_structure=&#8221;1_3,1_3,1_3&#8243; _builder_version=&#8221;4.4.2&#8243; width=&#8221;90%&#8221; max_width=&#8221;90%&#8221; locked=&#8221;off&#8221;][et_pb_column type=&#8221;1_3&#8243; _builder_version=&#8221;4.4.2&#8243;][et_pb_image src=&#8221;https:\/\/vollherzig.de\/wp-content\/uploads\/2020\/05\/Kunstwerk-Denkstahl30c.jpg&#8221; _builder_version=&#8221;4.4.2&#8243; custom_margin_tablet=&#8221;||12px||false|false&#8221; custom_margin_phone=&#8221;&#8221; custom_margin_last_edited=&#8221;on|tablet&#8221;][\/et_pb_image][et_pb_button button_url=&#8221;https:\/\/vollherzig.de\/limited-edition?lang=en#from-4000&#8243; button_text=&#8221;Limited Editions from 4000 \u20ac&#8221; button_alignment=&#8221;center&#8221; _builder_version=&#8221;4.4.2&#8243; custom_margin_tablet=&#8221;||15px||false|false&#8221; custom_margin_phone=&#8221;&#8221; custom_margin_last_edited=&#8221;on|tablet&#8221; locked=&#8221;off&#8221;][\/et_pb_button][\/et_pb_column][et_pb_column type=&#8221;1_3&#8243; _builder_version=&#8221;4.4.2&#8243;][et_pb_image src=&#8221;https:\/\/vollherzig.de\/wp-content\/uploads\/2020\/01\/Kunstwerk-Denkstahl37f.jpg&#8221; _builder_version=&#8221;4.4.2&#8243; custom_margin_tablet=&#8221;||12px||false|false&#8221; custom_margin_phone=&#8221;&#8221; custom_margin_last_edited=&#8221;on|tablet&#8221;][\/et_pb_image][et_pb_button button_url=&#8221;https:\/\/vollherzig.de\/limited-edition?lang=en#from-600&#8243; button_text=&#8221;Limited Editions from 600 \u20ac&#8221; button_alignment=&#8221;center&#8221; _builder_version=&#8221;4.4.2&#8243; custom_margin_tablet=&#8221;||15px||false|false&#8221; custom_margin_phone=&#8221;&#8221; custom_margin_last_edited=&#8221;on|tablet&#8221; locked=&#8221;off&#8221;][\/et_pb_button][\/et_pb_column][et_pb_column type=&#8221;1_3&#8243; _builder_version=&#8221;4.4.2&#8243;][et_pb_image src=&#8221;https:\/\/vollherzig.de\/wp-content\/uploads\/2017\/10\/Kunstwerk-Denkstahl68.jpg&#8221; _builder_version=&#8221;4.4.2&#8243; custom_margin_tablet=&#8221;||12px||false|false&#8221; custom_margin_phone=&#8221;&#8221; custom_margin_last_edited=&#8221;on|tablet&#8221;][\/et_pb_image][et_pb_button button_url=&#8221;https:\/\/vollherzig.de\/limited-edition?lang=en#from-100&#8243; button_text=&#8221;Limited Editions from 250 \u20ac&#8221; button_alignment=&#8221;center&#8221; _builder_version=&#8221;4.4.2&#8243; custom_margin_tablet=&#8221;||15px||false|false&#8221; custom_margin_phone=&#8221;&#8221; custom_margin_last_edited=&#8221;on|tablet&#8221; hover_enabled=&#8221;0&#8243; locked=&#8221;off&#8221;][\/et_pb_button][\/et_pb_column][\/et_pb_row][\/et_pb_section]<\/p>\n","protected":false},"excerpt":{"rendered":"<p>Fine Art Print on Hahnem\u00fchle Paper<br \/>\n70\u00d750 cm<br \/>\nLimited Edition (50)<br \/>\nNumbered and signed by the artist.<br \/>\nUnframed.<\/p>\n<p>Delivery time: 3 to 7 days within Germany<br \/>\nOrders outside of Germany may have longer delivery times.<\/p>\n","protected":false},"featured_media":20011,"template":"","meta":{"_et_pb_use_builder":"on","_et_pb_old_content":"","_et_gb_content_width":""},"product_cat":[143,175],"product_tag":[149,174,148],"yoast_head":"<!-- This site is optimized with the Yoast SEO plugin v19.12 - https:\/\/yoast.com\/wordpress\/plugins\/seo\/ -->\n<title>Colors Of War - GALERIE VOLLHERZIG<\/title>\n<meta name=\"robots\" content=\"index, follow, max-snippet:-1, max-image-preview:large, max-video-preview:-1\" \/>\n<link rel=\"canonical\" href=\"https:\/\/vollherzig.de\/produkt\/colors-of-war-2?lang=en\" \/>\n<meta property=\"og:locale\" content=\"en_US\" \/>\n<meta property=\"og:type\" content=\"article\" \/>\n<meta property=\"og:title\" content=\"Colors Of War - GALERIE VOLLHERZIG\" \/>\n<meta property=\"og:description\" content=\"Fine Art Print on Hahnem\u00fchle Paper 70\u00d750 cm Limited Edition (50) Numbered and signed by the artist. Unframed.  Delivery time: 3 to 7 days within Germany Orders outside of Germany may have longer delivery times.\" \/>\n<meta property=\"og:url\" content=\"https:\/\/vollherzig.de\/produkt\/colors-of-war-2?lang=en\" \/>\n<meta property=\"og:site_name\" content=\"GALERIE VOLLHERZIG\" \/>\n<meta property=\"article:modified_time\" content=\"2020-10-05T22:01:43+00:00\" \/>\n<meta property=\"og:image\" content=\"https:\/\/i0.wp.com\/vollherzig.de\/wp-content\/uploads\/2020\/05\/Kunstwerk-Denkstahl22.jpg?fit=1099%2C800&ssl=1\" \/>\n\t<meta property=\"og:image:width\" content=\"1099\" \/>\n\t<meta property=\"og:image:height\" content=\"800\" \/>\n\t<meta property=\"og:image:type\" content=\"image\/jpeg\" \/>\n<meta name=\"twitter:card\" content=\"summary_large_image\" \/>\n<meta name=\"twitter:label1\" content=\"Est. reading time\" \/>\n\t<meta name=\"twitter:data1\" content=\"7 minutes\" \/>\n<script type=\"application\/ld+json\" class=\"yoast-schema-graph\">{\"@context\":\"https:\/\/schema.org\",\"@graph\":[{\"@type\":\"WebPage\",\"@id\":\"https:\/\/vollherzig.de\/produkt\/colors-of-war-2?lang=en\",\"url\":\"https:\/\/vollherzig.de\/produkt\/colors-of-war-2?lang=en\",\"name\":\"Colors Of War - GALERIE VOLLHERZIG\",\"isPartOf\":{\"@id\":\"https:\/\/vollherzig.de\/#website\"},\"datePublished\":\"2020-08-09T16:40:26+00:00\",\"dateModified\":\"2020-10-05T22:01:43+00:00\",\"breadcrumb\":{\"@id\":\"https:\/\/vollherzig.de\/produkt\/colors-of-war-2?lang=en#breadcrumb\"},\"inLanguage\":\"en-US\",\"potentialAction\":[{\"@type\":\"ReadAction\",\"target\":[\"https:\/\/vollherzig.de\/produkt\/colors-of-war-2?lang=en\"]}]},{\"@type\":\"BreadcrumbList\",\"@id\":\"https:\/\/vollherzig.de\/produkt\/colors-of-war-2?lang=en#breadcrumb\",\"itemListElement\":[{\"@type\":\"ListItem\",\"position\":1,\"name\":\"Startseite\",\"item\":\"https:\/\/vollherzig.de\/en\"},{\"@type\":\"ListItem\",\"position\":2,\"name\":\"Limited Edition\",\"item\":\"https:\/\/vollherzig.de\/en\/limited-edition\"},{\"@type\":\"ListItem\",\"position\":3,\"name\":\"Colors Of War\"}]},{\"@type\":\"WebSite\",\"@id\":\"https:\/\/vollherzig.de\/#website\",\"url\":\"https:\/\/vollherzig.de\/\",\"name\":\"GALERIE VOLLHERZIG\",\"description\":\"Zeitgen\u00f6ssische Kunst, philosophisch, kritisch, knallig\",\"potentialAction\":[{\"@type\":\"SearchAction\",\"target\":{\"@type\":\"EntryPoint\",\"urlTemplate\":\"https:\/\/vollherzig.de\/?s={search_term_string}\"},\"query-input\":\"required name=search_term_string\"}],\"inLanguage\":\"en-US\"}]}<\/script>\n<!-- \/ Yoast SEO plugin. -->","yoast_head_json":{"title":"Colors Of War - GALERIE VOLLHERZIG","robots":{"index":"index","follow":"follow","max-snippet":"max-snippet:-1","max-image-preview":"max-image-preview:large","max-video-preview":"max-video-preview:-1"},"canonical":"https:\/\/vollherzig.de\/produkt\/colors-of-war-2?lang=en","og_locale":"en_US","og_type":"article","og_title":"Colors Of War - GALERIE VOLLHERZIG","og_description":"Fine Art Print on Hahnem\u00fchle Paper 70\u00d750 cm Limited Edition (50) Numbered and signed by the artist. Unframed.  Delivery time: 3 to 7 days within Germany Orders outside of Germany may have longer delivery times.","og_url":"https:\/\/vollherzig.de\/produkt\/colors-of-war-2?lang=en","og_site_name":"GALERIE VOLLHERZIG","article_modified_time":"2020-10-05T22:01:43+00:00","og_image":[{"width":1099,"height":800,"url":"https:\/\/i0.wp.com\/vollherzig.de\/wp-content\/uploads\/2020\/05\/Kunstwerk-Denkstahl22.jpg?fit=1099%2C800&ssl=1","type":"image\/jpeg"}],"twitter_card":"summary_large_image","twitter_misc":{"Est. reading time":"7 minutes"},"schema":{"@context":"https:\/\/schema.org","@graph":[{"@type":"WebPage","@id":"https:\/\/vollherzig.de\/produkt\/colors-of-war-2?lang=en","url":"https:\/\/vollherzig.de\/produkt\/colors-of-war-2?lang=en","name":"Colors Of War - GALERIE VOLLHERZIG","isPartOf":{"@id":"https:\/\/vollherzig.de\/#website"},"datePublished":"2020-08-09T16:40:26+00:00","dateModified":"2020-10-05T22:01:43+00:00","breadcrumb":{"@id":"https:\/\/vollherzig.de\/produkt\/colors-of-war-2?lang=en#breadcrumb"},"inLanguage":"en-US","potentialAction":[{"@type":"ReadAction","target":["https:\/\/vollherzig.de\/produkt\/colors-of-war-2?lang=en"]}]},{"@type":"BreadcrumbList","@id":"https:\/\/vollherzig.de\/produkt\/colors-of-war-2?lang=en#breadcrumb","itemListElement":[{"@type":"ListItem","position":1,"name":"Startseite","item":"https:\/\/vollherzig.de\/en"},{"@type":"ListItem","position":2,"name":"Limited Edition","item":"https:\/\/vollherzig.de\/en\/limited-edition"},{"@type":"ListItem","position":3,"name":"Colors Of War"}]},{"@type":"WebSite","@id":"https:\/\/vollherzig.de\/#website","url":"https:\/\/vollherzig.de\/","name":"GALERIE VOLLHERZIG","description":"Zeitgen\u00f6ssische Kunst, philosophisch, kritisch, knallig","potentialAction":[{"@type":"SearchAction","target":{"@type":"EntryPoint","urlTemplate":"https:\/\/vollherzig.de\/?s={search_term_string}"},"query-input":"required name=search_term_string"}],"inLanguage":"en-US"}]}},"_links":{"self":[{"href":"https:\/\/vollherzig.de\/en\/wp-json\/wp\/v2\/product\/26395"}],"collection":[{"href":"https:\/\/vollherzig.de\/en\/wp-json\/wp\/v2\/product"}],"about":[{"href":"https:\/\/vollherzig.de\/en\/wp-json\/wp\/v2\/types\/product"}],"wp:featuredmedia":[{"embeddable":true,"href":"https:\/\/vollherzig.de\/en\/wp-json\/wp\/v2\/media\/20011"}],"wp:attachment":[{"href":"https:\/\/vollherzig.de\/en\/wp-json\/wp\/v2\/media?parent=26395"}],"wp:term":[{"taxonomy":"product_cat","embeddable":true,"href":"https:\/\/vollherzig.de\/en\/wp-json\/wp\/v2\/product_cat?post=26395"},{"taxonomy":"product_tag","embeddable":true,"href":"https:\/\/vollherzig.de\/en\/wp-json\/wp\/v2\/product_tag?post=26395"}],"curies":[{"name":"wp","href":"https:\/\/api.w.org\/{rel}","templated":true}]}}