{"id":26486,"date":"2020-04-19T09:31:00","date_gmt":"2020-08-09T17:59:55","guid":{"rendered":"https:\/\/vollherzig.de\/produkt\/zebra-cross-walk-xvii"},"modified":"2024-04-22T13:01:51","modified_gmt":"2024-04-22T13:01:51","slug":"zebra-cross-walk-xvii","status":"publish","type":"product","link":"https:\/\/vollherzig.de\/en\/produkt\/zebra-cross-walk-xvii","title":{"rendered":"Zebra Cross Walk XVII"},"content":{"rendered":"<p>[et_pb_section fb_built=&#8221;1&#8243; _builder_version=&#8221;4.16&#8243; custom_padding=&#8221;0px||||false|false&#8221; global_colors_info=&#8221;{}&#8221;][et_pb_row _builder_version=&#8221;4.16&#8243; width=&#8221;100%&#8221; max_width=&#8221;100%&#8221; custom_padding=&#8221;0px||||false|false&#8221; locked=&#8221;off&#8221; global_colors_info=&#8221;{}&#8221;][et_pb_column type=&#8221;4_4&#8243; _builder_version=&#8221;4.16&#8243; global_colors_info=&#8221;{}&#8221;][et_pb_image src=&#8221;https:\/\/vollherzig.de\/wp-content\/uploads\/2020\/05\/Kunstwerk-Denkstahl59.jpg&#8221; force_fullwidth=&#8221;on&#8221; _builder_version=&#8221;4.16&#8243; global_colors_info=&#8221;{}&#8221;][\/et_pb_image][\/et_pb_column][\/et_pb_row][et_pb_row column_structure=&#8221;1_2,1_2&#8243; _builder_version=&#8221;4.16&#8243; width=&#8221;90%&#8221; max_width=&#8221;90%&#8221; custom_margin=&#8221;20px||||false|false&#8221; global_colors_info=&#8221;{}&#8221;][et_pb_column type=&#8221;1_2&#8243; _builder_version=&#8221;4.16&#8243; custom_padding=&#8221;|||&#8221; global_colors_info=&#8221;{}&#8221; custom_padding__hover=&#8221;|||&#8221;][et_pb_wc_images _builder_version=&#8221;4.16&#8243; global_colors_info=&#8221;{}&#8221;][\/et_pb_wc_images][\/et_pb_column][et_pb_column type=&#8221;1_2&#8243; _builder_version=&#8221;4.16&#8243; custom_padding=&#8221;|||&#8221; global_colors_info=&#8221;{}&#8221; custom_padding__hover=&#8221;|||&#8221;][et_pb_wc_title _builder_version=&#8221;4.16&#8243; global_colors_info=&#8221;{}&#8221;][\/et_pb_wc_title][et_pb_wc_rating _builder_version=&#8221;4.16&#8243; global_colors_info=&#8221;{}&#8221;][\/et_pb_wc_rating][et_pb_wc_price _builder_version=&#8221;4.16&#8243; global_colors_info=&#8221;{}&#8221;][\/et_pb_wc_price][et_pb_wc_description _builder_version=&#8221;4.16&#8243; custom_margin_tablet=&#8221;||0px||false|false&#8221; custom_margin_phone=&#8221;&#8221; custom_margin_last_edited=&#8221;on|tablet&#8221; custom_padding_last_edited=&#8221;off|tablet&#8221; global_colors_info=&#8221;{}&#8221;][\/et_pb_wc_description][et_pb_wc_add_to_cart _builder_version=&#8221;4.16&#8243; global_colors_info=&#8221;{}&#8221;][\/et_pb_wc_add_to_cart][\/et_pb_column][\/et_pb_row][et_pb_row custom_padding_last_edited=&#8221;on|tablet&#8221; _builder_version=&#8221;4.16&#8243; background_size=&#8221;initial&#8221; background_position=&#8221;top_left&#8221; background_repeat=&#8221;repeat&#8221; width=&#8221;90%&#8221; max_width=&#8221;90%&#8221; custom_padding_tablet=&#8221;0px||||false|false&#8221; custom_padding_phone=&#8221;&#8221; locked=&#8221;off&#8221; global_colors_info=&#8221;{}&#8221;][et_pb_column type=&#8221;4_4&#8243; _builder_version=&#8221;4.16&#8243; custom_padding=&#8221;|||&#8221; global_colors_info=&#8221;{}&#8221; custom_padding__hover=&#8221;|||&#8221;][et_pb_text _builder_version=&#8221;4.16&#8243; locked=&#8221;off&#8221; global_colors_info=&#8221;{}&#8221; link_text_color__hover=&#8221;#c61b52&#8243;]<\/p>\n<p class=\"p1\"><span class=\"s1\"><strong>Zebra Cross Walk XVII<\/strong>\u00a0i<\/span><span class=\"s1\">s part of the DENKSTAHL EDITION.<\/span><\/p>\n<p class=\"p1\"><span class=\"s1\">DENKSTAHL is the latest art project by the Frankfurt artist AL, who has been expressing his rebellious spirit in pictures and words for 25 years. His biography and artistic career have been documented in the book <a href=\"https:\/\/vollherzig.de\/produkt\/denkstahl-art-of-a-rebellious-mind?lang=en\">DENKSTAHL. art of a rebellious mind<\/a>.<\/span><\/p>\n<p class=\"p1\"><span class=\"s1\">AL\u2019s pictures and texts invite you to look behind the colorful glow of the surface, down into the depths of society and your own mind. Although some of his phrases and pictures can also be found in urban areas, AL is not a typical street art activist.<\/span><\/p>\n<p>&nbsp;<\/p>\n<h2>\u00bb<a href=\"https:\/\/denkstahl.com\/artlife-2\" target=\"_blank\" rel=\"noopener noreferrer\"><span class=\"s1\">About the artist and author AL: denkstahl.com<\/span><\/a><\/h2>\n<p>[\/et_pb_text][et_pb_divider color=&#8221;#cccccc&#8221; disabled_on=&#8221;on|on|on&#8221; _builder_version=&#8221;4.16&#8243; disabled=&#8221;on&#8221; global_colors_info=&#8221;{}&#8221;][\/et_pb_divider][et_pb_text disabled_on=&#8221;on|on|on&#8221; _builder_version=&#8221;4.16&#8243; disabled=&#8221;on&#8221; global_colors_info=&#8221;{}&#8221; link_text_color__hover=&#8221;#c61b52&#8243;]<\/p>\n<h2 class=\"single-thumbnail-title post-title-color gdl-title\">Ist das Zebra ein wei\u00dfes Tier mit schwarzen Streifen oder ein schwarzes Tier mit wei\u00dfen Streifen?<\/h2>\n<p>Mit dieser Frage haben sich nicht nur Philosophen und K\u00fcnstler besch\u00e4ftigt, sondern auch Biologen und Wahrnehmungspsychologen. Was hat die Antwort mit unserem sogenannten Schwarz-Wei\u00df-Denken und unserer Sichtweise zu tun? Geht es dabei wirklich nur um Farben und Formen und um die Perspektive zum Zeitpunkt der Wahrnehmung?<\/p>\n<p><span class=\"s1\">Der ewig w\u00e4hrende Dualismus von Schwarz und Wei\u00df, der Kampf von Gut und B\u00f6se, von Licht und Schatten pr\u00e4gt unser Leben. Letztendlich steht man doch auf der Seite der \u00bbGuten\u00ab und man g\u00f6nnt den Sieg nur den \u00bbRichtigen\u00ab, ohne sich Gedanken um den tieferen Sinn dieses Wunsches zu machen. Es k\u00e4mpfen in uns Gott gegen Teufel, die Seele gegen das Ego, Schwarz gegen Wei\u00df<\/span>\u00a0<span class=\"s1\">eben; diese K\u00e4mpfe beeinflussen unser Handeln, unser Miteinander<\/span>\u00a0<span class=\"s1\">\u2013<\/span>\u00a0<span class=\"s1\">unser ganzes Leben.<\/span><\/p>\n<p>&nbsp;<\/p>\n<h2>\u00bb<a href=\"https:\/\/vollherzig.de\/ist-das-zebra-ein-schwarzes-tier-mit-weissen-streifen-oder-ein-weisses-tier-mit-schwarzen-streifen\">Den gesamten Artikel lesen<\/a><\/h2>\n<p>[\/et_pb_text][et_pb_divider color=&#8221;#cccccc&#8221; _builder_version=&#8221;4.16&#8243; locked=&#8221;off&#8221; global_colors_info=&#8221;{}&#8221;][\/et_pb_divider][et_pb_wc_upsells _builder_version=&#8221;4.16&#8243; global_colors_info=&#8221;{}&#8221;][\/et_pb_wc_upsells][\/et_pb_column][\/et_pb_row][et_pb_row custom_padding_last_edited=&#8221;on|tablet&#8221; _builder_version=&#8221;4.16&#8243; custom_margin=&#8221;-30px||||false|false&#8221; custom_padding_tablet=&#8221;||0px||false|false&#8221; custom_padding_phone=&#8221;&#8221; locked=&#8221;off&#8221; global_colors_info=&#8221;{}&#8221;][et_pb_column type=&#8221;4_4&#8243; _builder_version=&#8221;4.16&#8243; global_colors_info=&#8221;{}&#8221;][et_pb_text module_id=&#8221;ab4000&#8243; module_class=&#8221;ab4000&#8243; _builder_version=&#8221;4.16&#8243; header_2_text_align=&#8221;center&#8221; header_2_text_color=&#8221;#000000&#8243; global_colors_info=&#8221;{}&#8221;]<\/p>\n<h2>Similar Artworks<\/h2>\n<p>[\/et_pb_text][\/et_pb_column][\/et_pb_row][et_pb_row column_structure=&#8221;1_3,1_3,1_3&#8243; _builder_version=&#8221;4.16&#8243; width=&#8221;90%&#8221; max_width=&#8221;100%&#8221; locked=&#8221;off&#8221; global_colors_info=&#8221;{}&#8221;][et_pb_column type=&#8221;1_3&#8243; _builder_version=&#8221;4.16&#8243; global_colors_info=&#8221;{}&#8221;][et_pb_image src=&#8221;https:\/\/vollherzig.de\/wp-content\/uploads\/2020\/05\/Kunstwerk-Denkstahl26.jpg&#8221; url=&#8221;@ET-DC@eyJkeW5hbWljIjp0cnVlLCJjb250ZW50IjoicG9zdF9saW5rX3VybF9wcm9kdWN0Iiwic2V0dGluZ3MiOnsicG9zdF9pZCI6IjE5MzEyIn19@&#8221; show_bottom_space=&#8221;off&#8221; _builder_version=&#8221;4.16&#8243; _dynamic_attributes=&#8221;url&#8221; custom_margin=&#8221;||27px||false|false&#8221; border_width_all=&#8221;3px&#8221; border_color_all=&#8221;#000000&#8243; global_colors_info=&#8221;{}&#8221;][\/et_pb_image][et_pb_text _builder_version=&#8221;4.19.4&#8243; _dynamic_attributes=&#8221;link_option_url&#8221; text_font_size=&#8221;17px&#8221; text_line_height=&#8221;1.2em&#8221; header_2_text_align=&#8221;center&#8221; header_2_font_size=&#8221;22px&#8221; text_orientation=&#8221;center&#8221; custom_margin_tablet=&#8221;||35px||false|false&#8221; custom_margin_phone=&#8221;&#8221; custom_margin_last_edited=&#8221;on|tablet&#8221; link_option_url=&#8221;@ET-DC@eyJkeW5hbWljIjp0cnVlLCJjb250ZW50IjoicG9zdF9saW5rX3VybF9wcm9kdWN0Iiwic2V0dGluZ3MiOnsicG9zdF9pZCI6IjE5MzEyIn19@&#8221; hover_enabled=&#8221;0&#8243; global_colors_info=&#8221;{}&#8221; sticky_enabled=&#8221;0&#8243;]<\/p>\n<h2>Death Apple<\/h2>\n<p>Limited Edition (5)<br \/>135&#215;135 cm<br \/><strong>6.000 \u20ac<\/strong><\/p>\n<p>[\/et_pb_text][\/et_pb_column][et_pb_column type=&#8221;1_3&#8243; _builder_version=&#8221;4.16&#8243; global_colors_info=&#8221;{}&#8221;][et_pb_image src=&#8221;https:\/\/vollherzig.de\/wp-content\/uploads\/2020\/05\/Kunstwerk-Denkstahl34a.jpg&#8221; url=&#8221;@ET-DC@eyJkeW5hbWljIjp0cnVlLCJjb250ZW50IjoicG9zdF9saW5rX3VybF9wcm9kdWN0Iiwic2V0dGluZ3MiOnsicG9zdF9pZCI6IjE1MjE0In19@&#8221; show_bottom_space=&#8221;off&#8221; _builder_version=&#8221;4.16&#8243; _dynamic_attributes=&#8221;url&#8221; custom_margin=&#8221;||27px||false|false&#8221; border_width_all=&#8221;3px&#8221; border_color_all=&#8221;#000000&#8243; global_colors_info=&#8221;{}&#8221;][\/et_pb_image][et_pb_text _builder_version=&#8221;4.19.4&#8243; _dynamic_attributes=&#8221;link_option_url&#8221; text_font_size=&#8221;17px&#8221; text_line_height=&#8221;1.2em&#8221; header_2_text_align=&#8221;center&#8221; header_2_font_size=&#8221;22px&#8221; text_orientation=&#8221;center&#8221; custom_margin_tablet=&#8221;||35px||false|false&#8221; custom_margin_phone=&#8221;&#8221; custom_margin_last_edited=&#8221;on|tablet&#8221; link_option_url=&#8221;@ET-DC@eyJkeW5hbWljIjp0cnVlLCJjb250ZW50IjoicG9zdF9saW5rX3VybF9wcm9kdWN0Iiwic2V0dGluZ3MiOnsicG9zdF9pZCI6IjE1MjE0In19@&#8221; hover_enabled=&#8221;0&#8243; global_colors_info=&#8221;{}&#8221; sticky_enabled=&#8221;0&#8243;]<\/p>\n<h2>Thank You White Man<\/h2>\n<p>Limited Edition (5)<br \/>135&#215;135 cm<br \/><strong>6.000 \u20ac<\/strong><\/p>\n<p>[\/et_pb_text][et_pb_divider color=&#8221;#cccccc&#8221; disabled_on=&#8221;on|on|off&#8221; _builder_version=&#8221;4.16&#8243; locked=&#8221;off&#8221; global_colors_info=&#8221;{}&#8221;][\/et_pb_divider][\/et_pb_column][et_pb_column type=&#8221;1_3&#8243; _builder_version=&#8221;4.16&#8243; global_colors_info=&#8221;{}&#8221;][et_pb_image src=&#8221;https:\/\/vollherzig.de\/wp-content\/uploads\/2020\/05\/Friedenstaube-Denkstahl6.jpg&#8221; url=&#8221;@ET-DC@eyJkeW5hbWljIjp0cnVlLCJjb250ZW50IjoicG9zdF9saW5rX3VybF9wcm9kdWN0Iiwic2V0dGluZ3MiOnsicG9zdF9pZCI6IjE1MTgyIn19@&#8221; show_bottom_space=&#8221;off&#8221; _builder_version=&#8221;4.16&#8243; _dynamic_attributes=&#8221;url&#8221; custom_margin=&#8221;||27px||false|false&#8221; border_width_all=&#8221;3px&#8221; border_color_all=&#8221;#000000&#8243; locked=&#8221;off&#8221; global_colors_info=&#8221;{}&#8221;][\/et_pb_image][et_pb_text _builder_version=&#8221;4.19.4&#8243; _dynamic_attributes=&#8221;link_option_url&#8221; text_font_size=&#8221;17px&#8221; text_line_height=&#8221;1.2em&#8221; header_2_text_align=&#8221;center&#8221; header_2_font_size=&#8221;22px&#8221; text_orientation=&#8221;center&#8221; custom_margin_tablet=&#8221;||35px||false|false&#8221; custom_margin_phone=&#8221;&#8221; custom_margin_last_edited=&#8221;on|tablet&#8221; link_option_url=&#8221;@ET-DC@eyJkeW5hbWljIjp0cnVlLCJjb250ZW50IjoicG9zdF9saW5rX3VybF9wcm9kdWN0Iiwic2V0dGluZ3MiOnsicG9zdF9pZCI6IjE1MTgyIn19@&#8221; hover_enabled=&#8221;0&#8243; locked=&#8221;off&#8221; global_colors_info=&#8221;{}&#8221; sticky_enabled=&#8221;0&#8243;]<\/p>\n<h2>Remains Of Peace<\/h2>\n<p>Limited Edition (5)<br \/>135&#215;135 cm<br \/><strong>6.000 \u20ac<\/strong><\/p>\n<p>[\/et_pb_text][\/et_pb_column][\/et_pb_row][et_pb_row column_structure=&#8221;1_3,1_3,1_3&#8243; _builder_version=&#8221;4.16&#8243; width=&#8221;90%&#8221; max_width=&#8221;90%&#8221; locked=&#8221;off&#8221; global_colors_info=&#8221;{}&#8221;][et_pb_column type=&#8221;1_3&#8243; _builder_version=&#8221;4.16&#8243; global_colors_info=&#8221;{}&#8221;][et_pb_image src=&#8221;https:\/\/vollherzig.de\/wp-content\/uploads\/2020\/05\/Kunstwerk-Denkstahl27a.jpg&#8221; _builder_version=&#8221;4.16&#8243; custom_margin_tablet=&#8221;||13px||false|false&#8221; custom_margin_phone=&#8221;&#8221; custom_margin_last_edited=&#8221;on|tablet&#8221; global_colors_info=&#8221;{}&#8221;][\/et_pb_image][et_pb_button button_url=&#8221;https:\/\/vollherzig.de\/limited-edition?lang=en#from-4000&#8243; button_text=&#8221;Limited Editions from 6000 \u20ac&#8221; button_alignment=&#8221;center&#8221; _builder_version=&#8221;4.19.4&#8243; custom_margin_tablet=&#8221;||15px||false|false&#8221; custom_margin_phone=&#8221;&#8221; custom_margin_last_edited=&#8221;on|tablet&#8221; hover_enabled=&#8221;0&#8243; locked=&#8221;off&#8221; global_colors_info=&#8221;{}&#8221; sticky_enabled=&#8221;0&#8243;][\/et_pb_button][\/et_pb_column][et_pb_column type=&#8221;1_3&#8243; _builder_version=&#8221;4.16&#8243; global_colors_info=&#8221;{}&#8221;][et_pb_image src=&#8221;https:\/\/vollherzig.de\/wp-content\/uploads\/2020\/01\/Kunstwerk-Denkstahl37f.jpg&#8221; _builder_version=&#8221;4.16&#8243; custom_margin_tablet=&#8221;||13px||false|false&#8221; custom_margin_phone=&#8221;&#8221; custom_margin_last_edited=&#8221;on|tablet&#8221; global_colors_info=&#8221;{}&#8221;][\/et_pb_image][et_pb_button button_url=&#8221;https:\/\/vollherzig.de\/limited-edition?lang=en#from-600&#8243; button_text=&#8221;Limited Editions from 600 \u20ac&#8221; button_alignment=&#8221;center&#8221; _builder_version=&#8221;4.16&#8243; custom_margin_tablet=&#8221;||15px||false|false&#8221; custom_margin_phone=&#8221;&#8221; custom_margin_last_edited=&#8221;on|tablet&#8221; locked=&#8221;off&#8221; global_colors_info=&#8221;{}&#8221;][\/et_pb_button][\/et_pb_column][et_pb_column type=&#8221;1_3&#8243; _builder_version=&#8221;4.16&#8243; global_colors_info=&#8221;{}&#8221;][et_pb_image src=&#8221;https:\/\/vollherzig.de\/wp-content\/uploads\/2020\/01\/Kunstwerk-Denkstahl38e2.jpg&#8221; _builder_version=&#8221;4.16&#8243; custom_margin_tablet=&#8221;||13px||false|false&#8221; custom_margin_phone=&#8221;&#8221; custom_margin_last_edited=&#8221;on|tablet&#8221; global_colors_info=&#8221;{}&#8221;][\/et_pb_image][et_pb_button button_url=&#8221;https:\/\/vollherzig.de\/limited-edition?lang=en#from-100&#8243; button_text=&#8221;Limited Editions from 500 \u20ac&#8221; button_alignment=&#8221;center&#8221; _builder_version=&#8221;4.19.4&#8243; custom_margin_tablet=&#8221;||15px||false|false&#8221; custom_margin_phone=&#8221;&#8221; custom_margin_last_edited=&#8221;on|tablet&#8221; hover_enabled=&#8221;0&#8243; locked=&#8221;off&#8221; global_colors_info=&#8221;{}&#8221; sticky_enabled=&#8221;0&#8243;][\/et_pb_button][\/et_pb_column][\/et_pb_row][\/et_pb_section]<\/p>\n","protected":false},"excerpt":{"rendered":"<p class=\"p1\"><span class=\"s1\">Fine art print behind acrylic glass<br \/>\n<\/span><span class=\"s1\">135\u00d7135 cm<br \/>\n<\/span><span class=\"s1\">Limited Edition (5)<br \/>\n<\/span><span class=\"s1\">Delivery time: 8 to 14 days within Germany<br \/>\nOrders outside of Germany may have longer delivery times.<\/span><\/p>\n<p class=\"p1\"><span class=\"s1\">This artwork \u2013 a limited edition of 5 pieces \u2013 it is a fine art print with pigmented ink. The high-gloss print on high-quality photo paper, concealed behind acrylic glass, is reinforced by a rear wall made of aluminum. Each limited edition is stamped and delivered with a certificate of authenticity signed by the artist and a biographical art book.<\/span><\/p>\n","protected":false},"featured_media":20449,"template":"","meta":{"_et_pb_use_builder":"on","_et_pb_old_content":"","_et_gb_content_width":""},"product_cat":[180],"product_tag":[149,166,148],"yoast_head":"<!-- This site is optimized with the Yoast SEO plugin v19.12 - https:\/\/yoast.com\/wordpress\/plugins\/seo\/ -->\n<title>Zebra Cross Walk XVII - GALERIE VOLLHERZIG<\/title>\n<meta name=\"robots\" content=\"index, follow, max-snippet:-1, max-image-preview:large, max-video-preview:-1\" \/>\n<link rel=\"canonical\" href=\"https:\/\/vollherzig.de\/en\/produkt\/zebra-cross-walk-xvii\" \/>\n<meta property=\"og:locale\" content=\"en_US\" \/>\n<meta property=\"og:type\" content=\"article\" \/>\n<meta property=\"og:title\" content=\"Zebra Cross Walk XVII - GALERIE VOLLHERZIG\" \/>\n<meta property=\"og:description\" content=\"Fine art print behind acrylic glass 135\u00d7135 cm Limited Edition (5) Delivery time: 8 to 14 days within Germany Orders outside of Germany may have longer delivery times. This artwork \u2013 a limited edition of 5 pieces \u2013 it is a fine art print with pigmented ink. The high-gloss print on high-quality photo paper, concealed behind acrylic glass, is reinforced by a rear wall made of aluminum. Each limited edition is stamped and delivered with a certificate of authenticity signed by the artist and a biographical art book.\" \/>\n<meta property=\"og:url\" content=\"https:\/\/vollherzig.de\/en\/produkt\/zebra-cross-walk-xvii\" \/>\n<meta property=\"og:site_name\" content=\"GALERIE VOLLHERZIG\" \/>\n<meta property=\"article:modified_time\" content=\"2024-04-22T13:01:51+00:00\" \/>\n<meta property=\"og:image\" content=\"https:\/\/vollherzig.de\/wp-content\/uploads\/2020\/05\/Kunstwerk-Denkstahl59a.jpg\" \/>\n\t<meta property=\"og:image:width\" content=\"1200\" \/>\n\t<meta property=\"og:image:height\" content=\"1230\" \/>\n\t<meta property=\"og:image:type\" content=\"image\/jpeg\" \/>\n<meta name=\"twitter:card\" content=\"summary_large_image\" \/>\n<meta name=\"twitter:label1\" content=\"Est. reading time\" \/>\n\t<meta name=\"twitter:data1\" content=\"8 minutes\" \/>\n<script type=\"application\/ld+json\" class=\"yoast-schema-graph\">{\"@context\":\"https:\/\/schema.org\",\"@graph\":[{\"@type\":\"WebPage\",\"@id\":\"https:\/\/vollherzig.de\/en\/produkt\/zebra-cross-walk-xvii\",\"url\":\"https:\/\/vollherzig.de\/en\/produkt\/zebra-cross-walk-xvii\",\"name\":\"Zebra Cross Walk XVII - GALERIE VOLLHERZIG\",\"isPartOf\":{\"@id\":\"https:\/\/vollherzig.de\/#website\"},\"datePublished\":\"2020-08-09T17:59:55+00:00\",\"dateModified\":\"2024-04-22T13:01:51+00:00\",\"breadcrumb\":{\"@id\":\"https:\/\/vollherzig.de\/en\/produkt\/zebra-cross-walk-xvii#breadcrumb\"},\"inLanguage\":\"en-US\",\"potentialAction\":[{\"@type\":\"ReadAction\",\"target\":[\"https:\/\/vollherzig.de\/en\/produkt\/zebra-cross-walk-xvii\"]}]},{\"@type\":\"BreadcrumbList\",\"@id\":\"https:\/\/vollherzig.de\/en\/produkt\/zebra-cross-walk-xvii#breadcrumb\",\"itemListElement\":[{\"@type\":\"ListItem\",\"position\":1,\"name\":\"Startseite\",\"item\":\"https:\/\/vollherzig.de\/en\"},{\"@type\":\"ListItem\",\"position\":2,\"name\":\"Limited Edition\",\"item\":\"https:\/\/vollherzig.de\/en\/limited-edition\"},{\"@type\":\"ListItem\",\"position\":3,\"name\":\"Zebra Cross Walk XVII\"}]},{\"@type\":\"WebSite\",\"@id\":\"https:\/\/vollherzig.de\/#website\",\"url\":\"https:\/\/vollherzig.de\/\",\"name\":\"GALERIE VOLLHERZIG\",\"description\":\"Zeitgen\u00f6ssische Kunst, philosophisch, kritisch, knallig\",\"potentialAction\":[{\"@type\":\"SearchAction\",\"target\":{\"@type\":\"EntryPoint\",\"urlTemplate\":\"https:\/\/vollherzig.de\/?s={search_term_string}\"},\"query-input\":\"required name=search_term_string\"}],\"inLanguage\":\"en-US\"}]}<\/script>\n<!-- \/ Yoast SEO plugin. -->","yoast_head_json":{"title":"Zebra Cross Walk XVII - GALERIE VOLLHERZIG","robots":{"index":"index","follow":"follow","max-snippet":"max-snippet:-1","max-image-preview":"max-image-preview:large","max-video-preview":"max-video-preview:-1"},"canonical":"https:\/\/vollherzig.de\/en\/produkt\/zebra-cross-walk-xvii","og_locale":"en_US","og_type":"article","og_title":"Zebra Cross Walk XVII - GALERIE VOLLHERZIG","og_description":"Fine art print behind acrylic glass 135\u00d7135 cm Limited Edition (5) Delivery time: 8 to 14 days within Germany Orders outside of Germany may have longer delivery times. This artwork \u2013 a limited edition of 5 pieces \u2013 it is a fine art print with pigmented ink. The high-gloss print on high-quality photo paper, concealed behind acrylic glass, is reinforced by a rear wall made of aluminum. Each limited edition is stamped and delivered with a certificate of authenticity signed by the artist and a biographical art book.","og_url":"https:\/\/vollherzig.de\/en\/produkt\/zebra-cross-walk-xvii","og_site_name":"GALERIE VOLLHERZIG","article_modified_time":"2024-04-22T13:01:51+00:00","og_image":[{"width":1200,"height":1230,"url":"https:\/\/vollherzig.de\/wp-content\/uploads\/2020\/05\/Kunstwerk-Denkstahl59a.jpg","type":"image\/jpeg"}],"twitter_card":"summary_large_image","twitter_misc":{"Est. reading time":"8 minutes"},"schema":{"@context":"https:\/\/schema.org","@graph":[{"@type":"WebPage","@id":"https:\/\/vollherzig.de\/en\/produkt\/zebra-cross-walk-xvii","url":"https:\/\/vollherzig.de\/en\/produkt\/zebra-cross-walk-xvii","name":"Zebra Cross Walk XVII - GALERIE VOLLHERZIG","isPartOf":{"@id":"https:\/\/vollherzig.de\/#website"},"datePublished":"2020-08-09T17:59:55+00:00","dateModified":"2024-04-22T13:01:51+00:00","breadcrumb":{"@id":"https:\/\/vollherzig.de\/en\/produkt\/zebra-cross-walk-xvii#breadcrumb"},"inLanguage":"en-US","potentialAction":[{"@type":"ReadAction","target":["https:\/\/vollherzig.de\/en\/produkt\/zebra-cross-walk-xvii"]}]},{"@type":"BreadcrumbList","@id":"https:\/\/vollherzig.de\/en\/produkt\/zebra-cross-walk-xvii#breadcrumb","itemListElement":[{"@type":"ListItem","position":1,"name":"Startseite","item":"https:\/\/vollherzig.de\/en"},{"@type":"ListItem","position":2,"name":"Limited Edition","item":"https:\/\/vollherzig.de\/en\/limited-edition"},{"@type":"ListItem","position":3,"name":"Zebra Cross Walk XVII"}]},{"@type":"WebSite","@id":"https:\/\/vollherzig.de\/#website","url":"https:\/\/vollherzig.de\/","name":"GALERIE VOLLHERZIG","description":"Zeitgen\u00f6ssische Kunst, philosophisch, kritisch, knallig","potentialAction":[{"@type":"SearchAction","target":{"@type":"EntryPoint","urlTemplate":"https:\/\/vollherzig.de\/?s={search_term_string}"},"query-input":"required name=search_term_string"}],"inLanguage":"en-US"}]}},"_links":{"self":[{"href":"https:\/\/vollherzig.de\/en\/wp-json\/wp\/v2\/product\/26486"}],"collection":[{"href":"https:\/\/vollherzig.de\/en\/wp-json\/wp\/v2\/product"}],"about":[{"href":"https:\/\/vollherzig.de\/en\/wp-json\/wp\/v2\/types\/product"}],"wp:featuredmedia":[{"embeddable":true,"href":"https:\/\/vollherzig.de\/en\/wp-json\/wp\/v2\/media\/20449"}],"wp:attachment":[{"href":"https:\/\/vollherzig.de\/en\/wp-json\/wp\/v2\/media?parent=26486"}],"wp:term":[{"taxonomy":"product_cat","embeddable":true,"href":"https:\/\/vollherzig.de\/en\/wp-json\/wp\/v2\/product_cat?post=26486"},{"taxonomy":"product_tag","embeddable":true,"href":"https:\/\/vollherzig.de\/en\/wp-json\/wp\/v2\/product_tag?post=26486"}],"curies":[{"name":"wp","href":"https:\/\/api.w.org\/{rel}","templated":true}]}}